{"id":350,"date":"2024-06-20T07:32:08","date_gmt":"2024-06-20T07:32:08","guid":{"rendered":"https:\/\/preview.metallbauexperte.ch\/expertise-judiciaire\/"},"modified":"2024-06-21T07:42:20","modified_gmt":"2024-06-21T07:42:20","slug":"expertise-judiciaire","status":"publish","type":"page","link":"https:\/\/www.metallbauexperte.ch\/fr\/expertise-judiciaire\/","title":{"rendered":"Expertise judiciaire"},"content":{"rendered":"<div class=\"et_d4_element et_pb_section et_pb_section_0  et_pb_css_mix_blend_mode et_section_specialty et_block_section\" >\n\t\t\t\t\n\t\t\t\t\n\t\t\t\t\n\t\t\t\t\n\t\t\t\t\n\t\t\t\t<div class=\"et_pb_row et_block_row et_d4_element et_pb_gutters1\">\n\t\t\t\t<div class=\"et_d4_element et_pb_column_3_4 et_pb_column et_pb_column_0   et_pb_specialty_column  et_pb_css_mix_blend_mode et_block_column\">\n\t\t\t\t\n\t\t\t\t\n\t\t\t\t\n\t\t\t\t\n\t\t\t\t<div class=\"et_d4_element et_pb_row_inner et_pb_row_inner_0 et_pb_gutters2  et_pb_css_mix_blend_mode et_block_row\">\n\t\t\t\t<div class=\"et_pb_column et_pb_column_3_8 et_d4_element et_pb_column_inner et_pb_column_inner_0  et_pb_css_mix_blend_mode et_block_column\">\n\t\t\t\t\n\t\t\t\t\n\t\t\t\t\n\t\t\t\t\n\t\t\t\t<div class=\"et_pb_module et_d4_element et_pb_image et_pb_image_0\">\n\t\t\t\t\n\t\t\t\t\n\t\t\t\t\n\t\t\t\t\n\t\t\t\t<span class=\"et_pb_image_wrap \"><img loading=\"lazy\" decoding=\"async\" width=\"424\" height=\"283\" src=\"https:\/\/www.metallbauexperte.ch\/wp-content\/uploads\/2024\/06\/Gerichtsgutachten_Fotolia_24951989_XS.jpg\" alt=\"Une statue de Lady Justice tenant la balance de la justice devant un ciel bleu avec des nuages.\" title=\"justice\" srcset=\"https:\/\/www.metallbauexperte.ch\/wp-content\/uploads\/2024\/06\/Gerichtsgutachten_Fotolia_24951989_XS.jpg 424w, https:\/\/www.metallbauexperte.ch\/wp-content\/uploads\/2024\/06\/Gerichtsgutachten_Fotolia_24951989_XS-300x200.jpg 300w\" sizes=\"(max-width: 424px) 100vw, 424px\" class=\"wp-image-56\" \/><\/span>\n\t\t\t<\/div>\n\t\t\t<\/div><div class=\"et_pb_column et_pb_column_3_8 et_d4_element et_pb_column_inner et_pb_column_inner_1  et_pb_css_mix_blend_mode et-last-child et_block_column\">\n\t\t\t\t\n\t\t\t\t\n\t\t\t\t\n\t\t\t\t\n\t\t\t\t<div class=\"et_pb_module et_d4_element et_pb_text et_pb_text_0  et_pb_text_align_left et_pb_bg_layout_light\">\n\t\t\t\t\n\t\t\t\t\n\t\t\t\t\n\t\t\t\t\n\t\t\t\t<div class=\"et_pb_text_inner\"><h3>Expertise judiciaire<\/h3><\/div>\n\t\t\t<\/div><div class=\"et_pb_module et_d4_element et_pb_text et_pb_text_1  et_pb_text_align_left et_pb_bg_layout_light\">\n\t\t\t\t\n\t\t\t\t\n\t\t\t\t\n\t\t\t\t\n\t\t\t\t<div class=\"et_pb_text_inner\">Le juge est le seul \u00e0 pouvoir demander une expertise judiciaire. Dans un proc\u00e8s, il charge l\u2019expert d\u2019\u00e9tablir une appr\u00e9ciation ou une expertise dans le cadre de la proc\u00e9dure probatoire ou de l\u2019administration des preuves \u00e0 titre provisionnel avant le proc\u00e8s.<\/div>\n\t\t\t<\/div>\n\t\t\t<\/div>\n\t\t\t\t\n\t\t\t\t\n\t\t\t\t\n\t\t\t\t\n\t\t\t<\/div>\n\t\t\t<\/div><div class=\"et_d4_element et_pb_column_1_4 et_pb_column et_pb_column_1    et_pb_css_mix_blend_mode et_block_column\">\n\t\t\t\t\n\t\t\t\t\n\t\t\t\t\n\t\t\t\t\n\t\t\t\t<div class=\"et_pb_module et_d4_element et_pb_text et_pb_text_2  et_pb_text_align_left et_pb_bg_layout_light\">\n\t\t\t\t\n\t\t\t\t\n\t\t\t\t\n\t\t\t\t\n\t\t\t\t<div class=\"et_pb_text_inner\"><h3>T\u00e9l\u00e9phone<\/h3>\n<h4><em>+41 44 285 77 83<\/em><\/h4>\n<p><em><\/em><\/p>\n<p><strong>Contact<\/strong><br \/>Metaltec Romandie<br \/>Une association professionnelle d\u2019AM Suisse<br \/>Pool experts romands<br \/>Patricia Dousse<br \/>Rue de l'H\u00f4pital 15, Case postale 592<br \/>1701 Fribourg<br \/><a href=\"mailto:metaltec-experten@amsuisse.ch\">expertises@metaltecromandie.ch<\/a><\/p>\n<p>&nbsp;<\/p>\n<h5>Downloads<\/h5>\n<h4><b>Demande pour une premi\u00e8re \u00e9valuation avec visite sur place<\/b><\/h4><\/div>\n\t\t\t<\/div><div class=\"et_pb_button_module_wrapper et_pb_button_0_wrapper  et_pb_module \">\n\t\t\t\t<a class=\"et_pb_button et_d4_element et_pb_button_0 et_pb_bg_layout_light et_block_module\" href=\"https:\/\/www.metallbauexperte.ch\/wp-content\/uploads\/2024\/06\/Demande_pour_une_premiere_evaluation.pdf\" data-icon=\"\ue044\">PDF<\/a>\n\t\t\t<\/div>\n\t\t\t<\/div>\n\t\t\t\t<\/div>\n\t\t\t\t\n\t\t\t<\/div>\n","protected":false},"excerpt":{"rendered":"","protected":false},"author":1,"featured_media":0,"parent":0,"menu_order":0,"comment_status":"closed","ping_status":"closed","template":"","meta":{"_et_pb_use_builder":"on","_et_pb_old_content":"","_et_gb_content_width":"","footnotes":""},"class_list":["post-350","page","type-page","status-publish","hentry"],"_links":{"self":[{"href":"https:\/\/www.metallbauexperte.ch\/fr\/wp-json\/wp\/v2\/pages\/350","targetHints":{"allow":["GET"]}}],"collection":[{"href":"https:\/\/www.metallbauexperte.ch\/fr\/wp-json\/wp\/v2\/pages"}],"about":[{"href":"https:\/\/www.metallbauexperte.ch\/fr\/wp-json\/wp\/v2\/types\/page"}],"author":[{"embeddable":true,"href":"https:\/\/www.metallbauexperte.ch\/fr\/wp-json\/wp\/v2\/users\/1"}],"replies":[{"embeddable":true,"href":"https:\/\/www.metallbauexperte.ch\/fr\/wp-json\/wp\/v2\/comments?post=350"}],"version-history":[{"count":4,"href":"https:\/\/www.metallbauexperte.ch\/fr\/wp-json\/wp\/v2\/pages\/350\/revisions"}],"predecessor-version":[{"id":411,"href":"https:\/\/www.metallbauexperte.ch\/fr\/wp-json\/wp\/v2\/pages\/350\/revisions\/411"}],"wp:attachment":[{"href":"https:\/\/www.metallbauexperte.ch\/fr\/wp-json\/wp\/v2\/media?parent=350"}],"curies":[{"name":"wp","href":"https:\/\/api.w.org\/{rel}","templated":true}]}}