{"id":366,"date":"2024-06-20T07:41:03","date_gmt":"2024-06-20T07:41:03","guid":{"rendered":"https:\/\/preview.metallbauexperte.ch\/references\/"},"modified":"2024-06-21T07:42:30","modified_gmt":"2024-06-21T07:42:30","slug":"references","status":"publish","type":"page","link":"https:\/\/www.metallbauexperte.ch\/fr\/references\/","title":{"rendered":"R\u00e9f\u00e9rences"},"content":{"rendered":"<div class=\"et_d4_element et_pb_section et_pb_section_0  et_pb_css_mix_blend_mode et_section_specialty et_block_section\" >\n\t\t\t\t\n\t\t\t\t\n\t\t\t\t\n\t\t\t\t\n\t\t\t\t\n\t\t\t\t<div class=\"et_pb_row et_block_row et_d4_element et_pb_gutters1\">\n\t\t\t\t<div class=\"et_d4_element et_pb_column_3_4 et_pb_column et_pb_column_0   et_pb_specialty_column  et_pb_css_mix_blend_mode et_block_column\">\n\t\t\t\t\n\t\t\t\t\n\t\t\t\t\n\t\t\t\t\n\t\t\t\t<div class=\"et_d4_element et_pb_row_inner et_pb_row_inner_0 et_pb_gutters2  et_pb_css_mix_blend_mode et_block_row\">\n\t\t\t\t<div class=\"et_pb_column et_pb_column_3_8 et_d4_element et_pb_column_inner et_pb_column_inner_0  et_pb_css_mix_blend_mode et_block_column\">\n\t\t\t\t\n\t\t\t\t\n\t\t\t\t\n\t\t\t\t\n\t\t\t\t<div class=\"et_pb_module et_d4_element et_pb_image et_pb_image_0\">\n\t\t\t\t\n\t\t\t\t\n\t\t\t\t\n\t\t\t\t\n\t\t\t\t<span class=\"et_pb_image_wrap \"><img loading=\"lazy\" decoding=\"async\" width=\"424\" height=\"283\" src=\"https:\/\/www.metallbauexperte.ch\/wp-content\/uploads\/2024\/06\/Mediation_Fotolia_9191198_XS.jpg\" alt=\"5 personnes sont assises \u00e0 une table et m\u00e8nent une n\u00e9gociation\" title=\"building strategy - business people meeting\" srcset=\"https:\/\/www.metallbauexperte.ch\/wp-content\/uploads\/2024\/06\/Mediation_Fotolia_9191198_XS.jpg 424w, https:\/\/www.metallbauexperte.ch\/wp-content\/uploads\/2024\/06\/Mediation_Fotolia_9191198_XS-300x200.jpg 300w\" sizes=\"(max-width: 424px) 100vw, 424px\" class=\"wp-image-59\" \/><\/span>\n\t\t\t<\/div>\n\t\t\t<\/div><div class=\"et_pb_column et_pb_column_3_8 et_d4_element et_pb_column_inner et_pb_column_inner_1  et_pb_css_mix_blend_mode et-last-child et_block_column\">\n\t\t\t\t\n\t\t\t\t\n\t\t\t\t\n\t\t\t\t\n\t\t\t\t<div class=\"et_pb_module et_d4_element et_pb_text et_pb_text_0  et_pb_text_align_left et_pb_bg_layout_light\">\n\t\t\t\t\n\t\t\t\t\n\t\t\t\t\n\t\t\t\t\n\t\t\t\t<div class=\"et_pb_text_inner\"><h3>R\u00e9f\u00e9rences<\/h3><\/div>\n\t\t\t<\/div><div class=\"et_pb_module et_d4_element et_pb_text et_pb_text_1  et_pb_text_align_left et_pb_bg_layout_light\">\n\t\t\t\t\n\t\t\t\t\n\t\t\t\t\n\t\t\t\t\n\t\t\t\t<div class=\"et_pb_text_inner\"><p>Nos experts en construction m\u00e9tallique, en construction de charpentes m\u00e9talliques et en construction en verre disposent tous d\u2019une formation dans les m\u00e9tiers du m\u00e9tal. Ils ont \u00e9galement pass\u00e9 un examen professionnel sup\u00e9rieur (EPS) dans une discipline pertinente ou achev\u00e9 une autre formation professionnelle sup\u00e9rieure. Ils approfondissent leurs connaissances en continu gr\u00e2ce \u00e0 des cours ERFA sp\u00e9cialis\u00e9s et obligatoires, r\u00e9alis\u00e9s chaque ann\u00e9e. Leurs analyses des vices sont r\u00e9alis\u00e9es avec r\u00e9flexion et minutie. Nos experts se distinguent notamment par leurs connaissances sp\u00e9cialis\u00e9es approfondies, accumul\u00e9es sur de longues ann\u00e9es, ainsi que par la capacit\u00e9 \u00e0 effectuer un travail \u00e0 la fois technique et scientifique. Ils mettent leurs comp\u00e9tences \u00e0 votre disposition pour vos :    <\/p>\n<ul>\n<li>expertises de constructions m\u00e9talliques<\/li>\n<li>expertises de charpentes m\u00e9talliques<\/li>\n<li>expertises de constructions en verre<\/li>\n<li>expertises de traitements de surface<\/li>\n<li>Feuerverzinkungen<\/li>\n<\/ul>\n<h3>galvanisations \u00e0 chaud<\/h3>\n<p><a href=\"https:\/\/www.metallbauexperte.ch\/wp-content\/uploads\/2024\/06\/expertise_glasbruch_fassade_df-1.pdf\">Quand le vitrage l\u00e2che (pdf)<\/a><br \/><a href=\"https:\/\/www.metallbauexperte.ch\/wp-content\/uploads\/2024\/06\/instabile_balkongelaender_df-1.pdf\">Balustrades de balcon instables sur un immeuble plurifamilial peu avant la remise de l\u2019objet (pdf)<\/a><\/p><\/div>\n\t\t\t<\/div>\n\t\t\t<\/div>\n\t\t\t\t\n\t\t\t\t\n\t\t\t\t\n\t\t\t\t\n\t\t\t<\/div>\n\t\t\t<\/div><div class=\"et_d4_element et_pb_column_1_4 et_pb_column et_pb_column_1    et_pb_css_mix_blend_mode et_block_column\">\n\t\t\t\t\n\t\t\t\t\n\t\t\t\t\n\t\t\t\t\n\t\t\t\t<div class=\"et_pb_module et_d4_element et_pb_text et_pb_text_2  et_pb_text_align_left et_pb_bg_layout_light\">\n\t\t\t\t\n\t\t\t\t\n\t\t\t\t\n\t\t\t\t\n\t\t\t\t<div class=\"et_pb_text_inner\"><h3>T\u00e9l\u00e9phone<\/h3>\n<h4><em>+41 44 285 77 83<\/em><\/h4>\n<p><em><\/em><\/p>\n<p><strong>Contact<\/strong><br \/>Metaltec Romandie<br \/>Une association professionnelle d\u2019AM Suisse<br \/>Pool experts romands<br \/>Patricia Dousse<br \/>Rue de l'H\u00f4pital 15, Case postale 592<br \/>1701 Fribourg<br \/><a href=\"mailto:metaltec-experten@amsuisse.ch\">expertises@metaltecromandie.ch<\/a><\/p>\n<p>&nbsp;<\/p>\n<h5>Downloads<\/h5>\n<h4><b>Demande pour une premi\u00e8re \u00e9valuation avec visite sur place<\/b><\/h4><\/div>\n\t\t\t<\/div><div class=\"et_pb_button_module_wrapper et_pb_button_0_wrapper  et_pb_module \">\n\t\t\t\t<a class=\"et_pb_button et_d4_element et_pb_button_0 et_pb_bg_layout_light et_block_module\" href=\"https:\/\/www.metallbauexperte.ch\/wp-content\/uploads\/2024\/06\/Demande_pour_une_premiere_evaluation.pdf\" data-icon=\"\ue044\">PDF<\/a>\n\t\t\t<\/div>\n\t\t\t<\/div>\n\t\t\t\t<\/div>\n\t\t\t\t\n\t\t\t<\/div>\n","protected":false},"excerpt":{"rendered":"","protected":false},"author":1,"featured_media":0,"parent":0,"menu_order":0,"comment_status":"closed","ping_status":"closed","template":"","meta":{"_et_pb_use_builder":"on","_et_pb_old_content":"","_et_gb_content_width":"","footnotes":""},"class_list":["post-366","page","type-page","status-publish","hentry"],"_links":{"self":[{"href":"https:\/\/www.metallbauexperte.ch\/fr\/wp-json\/wp\/v2\/pages\/366","targetHints":{"allow":["GET"]}}],"collection":[{"href":"https:\/\/www.metallbauexperte.ch\/fr\/wp-json\/wp\/v2\/pages"}],"about":[{"href":"https:\/\/www.metallbauexperte.ch\/fr\/wp-json\/wp\/v2\/types\/page"}],"author":[{"embeddable":true,"href":"https:\/\/www.metallbauexperte.ch\/fr\/wp-json\/wp\/v2\/users\/1"}],"replies":[{"embeddable":true,"href":"https:\/\/www.metallbauexperte.ch\/fr\/wp-json\/wp\/v2\/comments?post=366"}],"version-history":[{"count":4,"href":"https:\/\/www.metallbauexperte.ch\/fr\/wp-json\/wp\/v2\/pages\/366\/revisions"}],"predecessor-version":[{"id":415,"href":"https:\/\/www.metallbauexperte.ch\/fr\/wp-json\/wp\/v2\/pages\/366\/revisions\/415"}],"wp:attachment":[{"href":"https:\/\/www.metallbauexperte.ch\/fr\/wp-json\/wp\/v2\/media?parent=366"}],"curies":[{"name":"wp","href":"https:\/\/api.w.org\/{rel}","templated":true}]}}