{"id":99,"date":"2024-06-17T11:03:16","date_gmt":"2024-06-17T11:03:16","guid":{"rendered":"https:\/\/preview.metallbauexperte.ch\/accueil\/"},"modified":"2024-08-22T10:56:13","modified_gmt":"2024-08-22T10:56:13","slug":"accueil","status":"publish","type":"page","link":"https:\/\/www.metallbauexperte.ch\/fr\/","title":{"rendered":"Accueil"},"content":{"rendered":"<div class=\"et_d4_element et_pb_section et_pb_section_0  et_pb_css_mix_blend_mode et_section_specialty et_block_section\" >\n\t\t\t\t\n\t\t\t\t\n\t\t\t\t\n\t\t\t\t\n\t\t\t\t\n\t\t\t\t<div class=\"et_pb_row et_block_row et_d4_element et_pb_gutters1\">\n\t\t\t\t<div class=\"et_d4_element et_pb_column_3_4 et_pb_column et_pb_column_0   et_pb_specialty_column  et_pb_css_mix_blend_mode et_block_column\">\n\t\t\t\t\n\t\t\t\t\n\t\t\t\t\n\t\t\t\t\n\t\t\t\t<div class=\"et_d4_element et_pb_row_inner et_pb_row_inner_0 et_pb_gutters2  et_pb_css_mix_blend_mode et_block_row\">\n\t\t\t\t<div class=\"et_pb_column et_pb_column_3_8 et_d4_element et_pb_column_inner et_pb_column_inner_0  et_pb_css_mix_blend_mode et_block_column\">\n\t\t\t\t\n\t\t\t\t\n\t\t\t\t\n\t\t\t\t\n\t\t\t\t<div class=\"et_pb_module et_d4_element et_pb_image et_pb_image_0\">\n\t\t\t\t\n\t\t\t\t\n\t\t\t\t\n\t\t\t\t\n\t\t\t\t<span class=\"et_pb_image_wrap \"><img loading=\"lazy\" decoding=\"async\" width=\"512\" height=\"324\" src=\"https:\/\/www.metallbauexperte.ch\/wp-content\/uploads\/2024\/06\/Fotolia_38847609_M.jpg\" alt=\"Ouvrier avec casque jaune\" title=\"Fotolia_38847609_M\" srcset=\"https:\/\/www.metallbauexperte.ch\/wp-content\/uploads\/2024\/06\/Fotolia_38847609_M.jpg 512w, https:\/\/www.metallbauexperte.ch\/wp-content\/uploads\/2024\/06\/Fotolia_38847609_M-480x304.jpg 480w\" sizes=\"(min-width: 0px) and (max-width: 480px) 480px, (min-width: 481px) 512px, 100vw\" class=\"wp-image-47\" \/><\/span>\n\t\t\t<\/div>\n\t\t\t<\/div><div class=\"et_pb_column et_pb_column_3_8 et_d4_element et_pb_column_inner et_pb_column_inner_1  et_pb_css_mix_blend_mode et-last-child et_block_column\">\n\t\t\t\t\n\t\t\t\t\n\t\t\t\t\n\t\t\t\t\n\t\t\t\t<div class=\"et_pb_module et_d4_element et_pb_text et_pb_text_0  et_pb_text_align_left et_pb_bg_layout_light\">\n\t\t\t\t\n\t\t\t\t\n\t\t\t\t\n\t\t\t\t\n\t\t\t\t<div class=\"et_pb_text_inner\"><h3>Appr\u00e9ciations et expertises en construction m\u00e9tallique<\/h3><\/div>\n\t\t\t<\/div><div class=\"et_pb_module et_d4_element et_pb_text et_pb_text_1  et_pb_text_align_left et_pb_bg_layout_light\">\n\t\t\t\t\n\t\t\t\t\n\t\t\t\t\n\t\t\t\t\n\t\t\t\t<div class=\"et_pb_text_inner\"><p>Vous avez eu des d\u00e9saccords avec un fournisseur, le travail pr\u00e9sentait des vices de construction ou a engendr\u00e9 des d\u00e9g\u00e2ts ? Un client a refus\u00e9 d\u2019accepter votre travail ? Les points litigieux peuvent \u00eatre nombreux dans les travaux de construction m\u00e9tallique, qu\u2019il s\u2019agisse de v\u00e9randas, de fa\u00e7ades, de toitures, de portes, de fen\u00eatres, de balustrades, d\u2019avant-toits ou encore de balcons.<\/p>\n<p>Dans ce cas, il peut \u00eatre utile de faire appel \u00e0 un expert en construction m\u00e9tallique neutre, qui rassemblera les faits et \u00e9tablira un rapport d\u2019analyse. Cela permettra de poser les bases de solutions satisfaisantes.<\/p>\n<p>Les experts ind\u00e9pendants de la chambre d\u2019experts de Metaltec Suisse mettent leurs comp\u00e9tences \u00e0 votre service. Les expertises r\u00e9alis\u00e9es vous permettront de proc\u00e9der avec la confiance requise. Nos experts sont en mesure d\u2019arbitrer les diff\u00e9rends gr\u00e2ce \u00e0 leur exp\u00e9rience et \u00e0 leur objectivit\u00e9.<\/p><\/div>\n\t\t\t<\/div>\n\t\t\t<\/div>\n\t\t\t\t\n\t\t\t\t\n\t\t\t\t\n\t\t\t\t\n\t\t\t<\/div>\n\t\t\t<\/div><div class=\"et_d4_element et_pb_column_1_4 et_pb_column et_pb_column_1    et_pb_css_mix_blend_mode et_block_column\">\n\t\t\t\t\n\t\t\t\t\n\t\t\t\t\n\t\t\t\t\n\t\t\t\t<div class=\"et_pb_module et_d4_element et_pb_text et_pb_text_2  et_pb_text_align_left et_pb_bg_layout_light\">\n\t\t\t\t\n\t\t\t\t\n\t\t\t\t\n\t\t\t\t\n\t\t\t\t<div class=\"et_pb_text_inner\"><h3>T\u00e9l\u00e9phone<\/h3>\n<h4><em>+41 26 350 33 15<\/em><\/h4>\n<p><em><\/em><\/p>\n<p><strong>Contact<\/strong><br \/>Metaltec Romandie<br \/>Une association professionnelle d\u2019AM Suisse<br \/>Pool experts romands<br \/>Patricia Dousse<br \/>Rue de l'H\u00f4pital 15, Case postale 592<br \/>1701 Fribourg<br \/><a href=\"mailto:metaltec-experten@amsuisse.ch\">expertises@metaltecromandie.ch<\/a><\/p>\n<p>&nbsp;<\/p>\n<h5>Downloads<\/h5>\n<h4><b>Demande pour une premi\u00e8re \u00e9valuation avec visite sur place<\/b><\/h4><\/div>\n\t\t\t<\/div><div class=\"et_pb_button_module_wrapper et_pb_button_0_wrapper  et_pb_module \">\n\t\t\t\t<a class=\"et_pb_button et_d4_element et_pb_button_0 et_pb_bg_layout_light et_block_module\" href=\"https:\/\/www.metallbauexperte.ch\/wp-content\/uploads\/2024\/06\/Demande_pour_une_premiere_evaluation.pdf\" data-icon=\"\ue044\">PDF<\/a>\n\t\t\t<\/div>\n\t\t\t<\/div>\n\t\t\t\t<\/div>\n\t\t\t\t\n\t\t\t<\/div>\n","protected":false},"excerpt":{"rendered":"","protected":false},"author":1,"featured_media":0,"parent":0,"menu_order":0,"comment_status":"closed","ping_status":"closed","template":"","meta":{"_et_pb_use_builder":"on","_et_pb_old_content":"","_et_gb_content_width":"","footnotes":""},"class_list":["post-99","page","type-page","status-publish","hentry"],"_links":{"self":[{"href":"https:\/\/www.metallbauexperte.ch\/fr\/wp-json\/wp\/v2\/pages\/99","targetHints":{"allow":["GET"]}}],"collection":[{"href":"https:\/\/www.metallbauexperte.ch\/fr\/wp-json\/wp\/v2\/pages"}],"about":[{"href":"https:\/\/www.metallbauexperte.ch\/fr\/wp-json\/wp\/v2\/types\/page"}],"author":[{"embeddable":true,"href":"https:\/\/www.metallbauexperte.ch\/fr\/wp-json\/wp\/v2\/users\/1"}],"replies":[{"embeddable":true,"href":"https:\/\/www.metallbauexperte.ch\/fr\/wp-json\/wp\/v2\/comments?post=99"}],"version-history":[{"count":19,"href":"https:\/\/www.metallbauexperte.ch\/fr\/wp-json\/wp\/v2\/pages\/99\/revisions"}],"predecessor-version":[{"id":490,"href":"https:\/\/www.metallbauexperte.ch\/fr\/wp-json\/wp\/v2\/pages\/99\/revisions\/490"}],"wp:attachment":[{"href":"https:\/\/www.metallbauexperte.ch\/fr\/wp-json\/wp\/v2\/media?parent=99"}],"curies":[{"name":"wp","href":"https:\/\/api.w.org\/{rel}","templated":true}]}}