{"id":369,"date":"2024-06-20T07:41:03","date_gmt":"2024-06-20T07:41:03","guid":{"rendered":"https:\/\/preview.metallbauexperte.ch\/referenzen\/"},"modified":"2024-06-21T07:42:30","modified_gmt":"2024-06-21T07:42:30","slug":"referenzen","status":"publish","type":"page","link":"https:\/\/www.metallbauexperte.ch\/it\/referenzen\/","title":{"rendered":"Referenzen"},"content":{"rendered":"<div class=\"et_d4_element et_pb_section et_pb_section_0  et_pb_css_mix_blend_mode et_section_specialty et_block_section\" >\n\t\t\t\t\n\t\t\t\t\n\t\t\t\t\n\t\t\t\t\n\t\t\t\t\n\t\t\t\t<div class=\"et_pb_row et_block_row et_d4_element et_pb_gutters1\">\n\t\t\t\t<div class=\"et_d4_element et_pb_column_3_4 et_pb_column et_pb_column_0   et_pb_specialty_column  et_pb_css_mix_blend_mode et_block_column\">\n\t\t\t\t\n\t\t\t\t\n\t\t\t\t\n\t\t\t\t\n\t\t\t\t<div class=\"et_d4_element et_pb_row_inner et_pb_row_inner_0 et_pb_gutters2  et_pb_css_mix_blend_mode et_block_row\">\n\t\t\t\t<div class=\"et_pb_column et_pb_column_3_8 et_d4_element et_pb_column_inner et_pb_column_inner_0  et_pb_css_mix_blend_mode et_block_column\">\n\t\t\t\t\n\t\t\t\t\n\t\t\t\t\n\t\t\t\t\n\t\t\t\t<div class=\"et_pb_module et_d4_element et_pb_image et_pb_image_0\">\n\t\t\t\t\n\t\t\t\t\n\t\t\t\t\n\t\t\t\t\n\t\t\t\t<span class=\"et_pb_image_wrap \"><img loading=\"lazy\" decoding=\"async\" width=\"424\" height=\"283\" src=\"https:\/\/www.metallbauexperte.ch\/wp-content\/uploads\/2024\/06\/Mediation_Fotolia_9191198_XS.jpg\" alt=\"5 Personen sitzen an einem Tisch und f\u00fchren eine Verhandlung\" title=\"building strategy - business people meeting\" srcset=\"https:\/\/www.metallbauexperte.ch\/wp-content\/uploads\/2024\/06\/Mediation_Fotolia_9191198_XS.jpg 424w, https:\/\/www.metallbauexperte.ch\/wp-content\/uploads\/2024\/06\/Mediation_Fotolia_9191198_XS-300x200.jpg 300w\" sizes=\"(max-width: 424px) 100vw, 424px\" class=\"wp-image-59\" \/><\/span>\n\t\t\t<\/div>\n\t\t\t<\/div><div class=\"et_pb_column et_pb_column_3_8 et_d4_element et_pb_column_inner et_pb_column_inner_1  et_pb_css_mix_blend_mode et-last-child et_block_column\">\n\t\t\t\t\n\t\t\t\t\n\t\t\t\t\n\t\t\t\t\n\t\t\t\t<div class=\"et_pb_module et_d4_element et_pb_text et_pb_text_0  et_pb_text_align_left et_pb_bg_layout_light\">\n\t\t\t\t\n\t\t\t\t\n\t\t\t\t\n\t\t\t\t\n\t\t\t\t<div class=\"et_pb_text_inner\"><h3>Referenzen<\/h3><\/div>\n\t\t\t<\/div><div class=\"et_pb_module et_d4_element et_pb_text et_pb_text_1  et_pb_text_align_left et_pb_bg_layout_light\">\n\t\t\t\t\n\t\t\t\t\n\t\t\t\t\n\t\t\t\t\n\t\t\t\t<div class=\"et_pb_text_inner\"><p>Unsere Metallbauexperten, Stahlbauexperten und Glasbauexperten verf\u00fcgen alle \u00fcber eine Ausbildung im Metallbaugewerbe und den Abschluss der fachspezifischen h\u00f6heren Fachpr\u00fcfung HFP oder einer weiteren h\u00f6heren Fachausbildung. Mit j\u00e4hrlich obligatorisch durchgef\u00fchrten, fachspezifischen ERFA-Tagungen vertiefen unsere Gutachter ihr Fachwissen kontinuierlich. Bei Analysen der Sch\u00e4den gehen unsere Experten pr\u00e4zise und \u00fcberlegt vor. \u00dcber Jahre erarbeitetes, fundiertes Fachwissen und die F\u00e4higkeit, technisch-wissenschaftlich arbeiten zu k\u00f6nnen, zeichnet unsere Experten besonders aus. Sie stehen Ihnen kompetent zur Verf\u00fcgung f\u00fcr:<\/p>\n<ul>\n<li>Metallbaugutachten<\/li>\n<li>Stahlbaugutachten<\/li>\n<li>Glasbaugutachten<\/li>\n<li>Gutachten f\u00fcr Oberfl\u00e4chenbehandlung<\/li>\n<li>Feuerverzinkungen<\/li>\n<\/ul>\n<h3>Referenzen<\/h3>\n<p><a href=\"https:\/\/www.metallbauexperte.ch\/wp-content\/uploads\/2024\/06\/expertise_glasbruch_fassade_df.pdf\">Glasbruch an der Fassade (pdf)<\/a><br \/><a href=\"https:\/\/www.metallbauexperte.ch\/wp-content\/uploads\/2024\/06\/instabile_balkongelaender_df.pdf\">Instabile Balkongel\u00e4nder kurz vor Bezug (pdf)<\/a><\/p><\/div>\n\t\t\t<\/div>\n\t\t\t<\/div>\n\t\t\t\t\n\t\t\t\t\n\t\t\t\t\n\t\t\t\t\n\t\t\t<\/div>\n\t\t\t<\/div><div class=\"et_d4_element et_pb_column_1_4 et_pb_column et_pb_column_1    et_pb_css_mix_blend_mode et_block_column\">\n\t\t\t\t\n\t\t\t\t\n\t\t\t\t\n\t\t\t\t\n\t\t\t\t<div class=\"et_pb_module et_d4_element et_pb_text et_pb_text_2  et_pb_text_align_left et_pb_bg_layout_light\">\n\t\t\t\t\n\t\t\t\t\n\t\t\t\t\n\t\t\t\t\n\t\t\t\t<div class=\"et_pb_text_inner\"><h3>Telefono<\/h3>\n<h4><em>+41 44 285 77 83<\/em><\/h4>\n<p><em><\/em><\/p>\n<p><strong>Contatto<\/strong><br \/>Metaltec Suisse<br \/>Associazione professionale di AM Suisse<br \/>Johannes Bucher<br \/>Capo progetto tecnica Metaltec Suisse<br \/>Seestrasse 105<br \/>8002 Z\u00fcrich<br \/><a href=\"mailto:metaltec-experten@amsuisse.ch\">metaltec-experten@amsuisse.ch<\/a><\/p>\n<p>&nbsp;<\/p>\n<h5>Downloads<\/h5>\n<h4><b>Richiesta di valutazione iniziale con ispezione visiva<\/b><\/h4><\/div>\n\t\t\t<\/div><div class=\"et_pb_button_module_wrapper et_pb_button_0_wrapper  et_pb_module \">\n\t\t\t\t<a class=\"et_pb_button et_d4_element et_pb_button_0 et_pb_bg_layout_light et_block_module\" href=\"https:\/\/www.metallbauexperte.ch\/wp-content\/uploads\/2024\/06\/Richiesta_di_valutazione_iniziale_con_ispezione_visiva.pdf\" data-icon=\"\ue044\">PDF<\/a>\n\t\t\t<\/div>\n\t\t\t<\/div>\n\t\t\t\t<\/div>\n\t\t\t\t\n\t\t\t<\/div>\n","protected":false},"excerpt":{"rendered":"","protected":false},"author":1,"featured_media":0,"parent":0,"menu_order":0,"comment_status":"closed","ping_status":"closed","template":"","meta":{"_et_pb_use_builder":"on","_et_pb_old_content":"","_et_gb_content_width":"","footnotes":""},"class_list":["post-369","page","type-page","status-publish","hentry"],"_links":{"self":[{"href":"https:\/\/www.metallbauexperte.ch\/it\/wp-json\/wp\/v2\/pages\/369","targetHints":{"allow":["GET"]}}],"collection":[{"href":"https:\/\/www.metallbauexperte.ch\/it\/wp-json\/wp\/v2\/pages"}],"about":[{"href":"https:\/\/www.metallbauexperte.ch\/it\/wp-json\/wp\/v2\/types\/page"}],"author":[{"embeddable":true,"href":"https:\/\/www.metallbauexperte.ch\/it\/wp-json\/wp\/v2\/users\/1"}],"replies":[{"embeddable":true,"href":"https:\/\/www.metallbauexperte.ch\/it\/wp-json\/wp\/v2\/comments?post=369"}],"version-history":[{"count":4,"href":"https:\/\/www.metallbauexperte.ch\/it\/wp-json\/wp\/v2\/pages\/369\/revisions"}],"predecessor-version":[{"id":416,"href":"https:\/\/www.metallbauexperte.ch\/it\/wp-json\/wp\/v2\/pages\/369\/revisions\/416"}],"wp:attachment":[{"href":"https:\/\/www.metallbauexperte.ch\/it\/wp-json\/wp\/v2\/media?parent=369"}],"curies":[{"name":"wp","href":"https:\/\/api.w.org\/{rel}","templated":true}]}}